{"id":4231,"date":"2023-04-22T07:58:56","date_gmt":"2023-04-22T07:58:56","guid":{"rendered":"https:\/\/www.theromanempire.it\/blog\/"},"modified":"2024-11-26T08:51:41","modified_gmt":"2024-11-26T08:51:41","slug":"blog","status":"publish","type":"page","link":"https:\/\/www.theromanempire.it\/es\/blog\/","title":{"rendered":"Blog"},"content":{"rendered":"\t\t<div data-elementor-type=\"wp-page\" data-elementor-id=\"4231\" class=\"elementor elementor-4231 elementor-1002\" data-elementor-post-type=\"page\">\n\t\t\t\t\t\t<section class=\"elementor-section elementor-top-section elementor-element elementor-element-df19b59 elementor-section-height-min-height cs-section-content-fullwidth cs-parallax-on-scroll cs_scroll_y_80 elementor-section-boxed elementor-section-height-default elementor-section-items-middle\" data-id=\"df19b59\" data-element_type=\"section\" data-settings=\"{&quot;background_background&quot;:&quot;classic&quot;}\" data-cs-parallax-y=\"80\" style=\"background-image: none;\" data-cs-background-image=\"https:\/\/www.theromanempire.it\/wp-content\/uploads\/2024\/09\/blog-roma.webp\">\n\t\t\t\t\t\t\t<div class=\"elementor-background-overlay\"><\/div>\n\t\t\t\t\t\t\t<div class=\"elementor-container elementor-column-gap-no\">\n\t\t\t\t\t<div class=\"elementor-column elementor-col-100 elementor-top-column elementor-element elementor-element-398db92 dark-color\" data-id=\"398db92\" data-element_type=\"column\">\n\t\t\t<div class=\"elementor-widget-wrap elementor-element-populated\">\n\t\t\t\t\t\t<div class=\"elementor-element elementor-element-768b25f elementor-widget elementor-widget-cs_title\" data-id=\"768b25f\" data-element_type=\"widget\" data-widget_type=\"cs_title.default\">\n\t\t\t\t<div class=\"elementor-widget-container\">\n\t\t\t\t\t\n        <div class=\"cs-title-wrap text-center\">\t            <h1 class=\"cs-title\">\n\t                Descubre Roma\t            <\/h1>\t            <div class=\"cs-title-text\">\n\t                <p>Ofrecemos itinerarios y rutas a medida para descubrir la extraordinaria belleza de un lugar donde pasado y presente se funden para crear matices apasionantes.<\/p>\n\t            <\/div>        <\/div>\t\t\t\t<\/div>\n\t\t\t\t<\/div>\n\t\t\t\t\t<\/div>\n\t\t<\/div>\n\t\t\t\t\t<\/div>\n\t\t<\/section>\n\t\t\t\t<section class=\"elementor-section elementor-top-section elementor-element elementor-element-fe1806c elementor-section-boxed elementor-section-height-default elementor-section-height-default\" data-id=\"fe1806c\" data-element_type=\"section\">\n\t\t\t\t\t\t<div class=\"elementor-container elementor-column-gap-no\">\n\t\t\t\t\t<div class=\"elementor-column elementor-col-100 elementor-top-column elementor-element elementor-element-9c076c5\" data-id=\"9c076c5\" data-element_type=\"column\">\n\t\t\t<div class=\"elementor-widget-wrap elementor-element-populated\">\n\t\t\t\t\t\t<div class=\"elementor-element elementor-element-1c8288f cs-animation-small-offset elementor-invisible elementor-widget elementor-widget-cs_blog\" data-id=\"1c8288f\" data-element_type=\"widget\" data-settings=\"{&quot;_animation&quot;:&quot;fadeInUp&quot;,&quot;_animation_delay&quot;:150}\" data-widget_type=\"cs_blog.default\">\n\t\t\t\t<div class=\"elementor-widget-container\">\n\t\t\t\t\t\t\t\t\t<div class=\"posts layout-grid column-2 img-ratio-3-2\" data-settings='{\"query\":{\"paged\":1,\"posts_per_page\":4,\"ignore_sticky_posts\":true,\"post_type\":\"post\",\"post_status\":\"publish\"},\"settings\":{\"layout\":\"grid\",\"columns\":\"2\",\"post_meta\":\"a:3:{i:0;s:7:\\\"excerpt\\\";i:1;s:13:\\\"read_more_btn\\\";i:2;s:8:\\\"category\\\";}\",\"page_layout\":\"\",\"pagination\":\"ajax-manual\",\"archive_page\":\"elementor\"}}'>\n\t\t\t\t\t\t\t\t\t<div class=\"posts-wrapper\">\n<article class=\"post-4866 post type-post status-publish format-standard has-post-thumbnail hentry category-itinerarios\">\n            <div class=\"featured-img\">\n        \t<a href=\"https:\/\/www.theromanempire.it\/es\/2025\/10\/14\/via-cavour-275-posicion-perfecta-visitar-roma\/\"><img fetchpriority=\"high\" decoding=\"async\" width=\"780\" height=\"520\" src=\"https:\/\/www.theromanempire.it\/wp-content\/uploads\/2025\/10\/Progetto-senza-titolo-2-780x520.jpg\" class=\"attachment-cozystay_780x9999 size-cozystay_780x9999 wp-post-image image-layout-grid-column-2\" alt=\"\" srcset=\"https:\/\/www.theromanempire.it\/wp-content\/uploads\/2025\/10\/Progetto-senza-titolo-2-780x520.jpg 780w, https:\/\/www.theromanempire.it\/wp-content\/uploads\/2025\/10\/Progetto-senza-titolo-2-300x200.jpg 300w, https:\/\/www.theromanempire.it\/wp-content\/uploads\/2025\/10\/Progetto-senza-titolo-2-1024x683.jpg 1024w, https:\/\/www.theromanempire.it\/wp-content\/uploads\/2025\/10\/Progetto-senza-titolo-2-768x512.jpg 768w, https:\/\/www.theromanempire.it\/wp-content\/uploads\/2025\/10\/Progetto-senza-titolo-2-1536x1024.jpg 1536w, https:\/\/www.theromanempire.it\/wp-content\/uploads\/2025\/10\/Progetto-senza-titolo-2-1440x960.jpg 1440w, https:\/\/www.theromanempire.it\/wp-content\/uploads\/2025\/10\/Progetto-senza-titolo-2-1200x800.jpg 1200w, https:\/\/www.theromanempire.it\/wp-content\/uploads\/2025\/10\/Progetto-senza-titolo-2-600x400.jpg 600w, https:\/\/www.theromanempire.it\/wp-content\/uploads\/2025\/10\/Progetto-senza-titolo-2-550x367.jpg 550w, https:\/\/www.theromanempire.it\/wp-content\/uploads\/2025\/10\/Progetto-senza-titolo-2-370x247.jpg 370w, https:\/\/www.theromanempire.it\/wp-content\/uploads\/2025\/10\/Progetto-senza-titolo-2-255x170.jpg 255w, https:\/\/www.theromanempire.it\/wp-content\/uploads\/2025\/10\/Progetto-senza-titolo-2.jpg 1920w\" sizes=\"(max-width: 780px) 100vw, 780px\" \/><\/a>        <\/div>\n    <div class=\"post-content\">\n        <header class=\"post-header\">            <div class=\"meta-wrap\">\t\t\t<div class=\"cat-links\"><a href=\"https:\/\/www.theromanempire.it\/es\/category\/itinerarios\/\" rel=\"tag\">Itinerarios<\/a><\/div>            <\/div>    <h2 class=\"post-title\">\n        <a href=\"https:\/\/www.theromanempire.it\/es\/2025\/10\/14\/via-cavour-275-posicion-perfecta-visitar-roma\/\">Via Cavour: por qu\u00e9 esta es la posici\u00f3n perfecta para visitar Roma<\/a>\n    <\/h2>        <\/header>\t\t<div class=\"post-excerpt\"><p>Cuando se trata de elegir d\u00f3nde hospedarse en Roma, la posici\u00f3n puede marcar la diferencia entre unas simples vacaciones y una experiencia inolvidable. Via Cavour &#8230;<\/p>\n<\/div>             <footer class=\"post-footer\">        <div class=\"more-btn\">\n            <a class=\"read-more-btn button cs-btn-underline\" href=\"https:\/\/www.theromanempire.it\/es\/2025\/10\/14\/via-cavour-275-posicion-perfecta-visitar-roma\/\"><span>Continua a leggere<\/span><\/a>\n        <\/div>            <\/footer>    <\/div>\n<\/article>\n\n<article class=\"post-4850 post type-post status-publish format-standard has-post-thumbnail hentry category-itinerarios\">\n            <div class=\"featured-img\">\n        \t<a href=\"https:\/\/www.theromanempire.it\/es\/2025\/10\/14\/rione-monti-barrio-autentico-roma-guia\/\"><img decoding=\"async\" width=\"780\" height=\"520\" src=\"https:\/\/www.theromanempire.it\/wp-content\/uploads\/2025\/10\/Progetto-senza-titolo-1-780x520.jpg\" class=\"attachment-cozystay_780x9999 size-cozystay_780x9999 wp-post-image image-layout-grid-column-2\" alt=\"\" srcset=\"https:\/\/www.theromanempire.it\/wp-content\/uploads\/2025\/10\/Progetto-senza-titolo-1-780x520.jpg 780w, https:\/\/www.theromanempire.it\/wp-content\/uploads\/2025\/10\/Progetto-senza-titolo-1-300x200.jpg 300w, https:\/\/www.theromanempire.it\/wp-content\/uploads\/2025\/10\/Progetto-senza-titolo-1-1024x683.jpg 1024w, https:\/\/www.theromanempire.it\/wp-content\/uploads\/2025\/10\/Progetto-senza-titolo-1-768x512.jpg 768w, https:\/\/www.theromanempire.it\/wp-content\/uploads\/2025\/10\/Progetto-senza-titolo-1-1536x1024.jpg 1536w, https:\/\/www.theromanempire.it\/wp-content\/uploads\/2025\/10\/Progetto-senza-titolo-1-1440x960.jpg 1440w, https:\/\/www.theromanempire.it\/wp-content\/uploads\/2025\/10\/Progetto-senza-titolo-1-1200x800.jpg 1200w, https:\/\/www.theromanempire.it\/wp-content\/uploads\/2025\/10\/Progetto-senza-titolo-1-600x400.jpg 600w, https:\/\/www.theromanempire.it\/wp-content\/uploads\/2025\/10\/Progetto-senza-titolo-1-550x367.jpg 550w, https:\/\/www.theromanempire.it\/wp-content\/uploads\/2025\/10\/Progetto-senza-titolo-1-370x247.jpg 370w, https:\/\/www.theromanempire.it\/wp-content\/uploads\/2025\/10\/Progetto-senza-titolo-1-255x170.jpg 255w, https:\/\/www.theromanempire.it\/wp-content\/uploads\/2025\/10\/Progetto-senza-titolo-1.jpg 1920w\" sizes=\"(max-width: 780px) 100vw, 780px\" \/><\/a>        <\/div>\n    <div class=\"post-content\">\n        <header class=\"post-header\">            <div class=\"meta-wrap\">\t\t\t<div class=\"cat-links\"><a href=\"https:\/\/www.theromanempire.it\/es\/category\/itinerarios\/\" rel=\"tag\">Itinerarios<\/a><\/div>            <\/div>    <h2 class=\"post-title\">\n        <a href=\"https:\/\/www.theromanempire.it\/es\/2025\/10\/14\/rione-monti-barrio-autentico-roma-guia\/\">Rione Monti: el barrio m\u00e1s aut\u00e9ntico de Roma para descubrir a pie<\/a>\n    <\/h2>        <\/header>\t\t<div class=\"post-excerpt\"><p>En el coraz\u00f3n pulsante de Roma, donde la historia se entrelaza con la vida contempor\u00e1nea, se extiende el Rione Monti, el primero de los catorce &#8230;<\/p>\n<\/div>             <footer class=\"post-footer\">        <div class=\"more-btn\">\n            <a class=\"read-more-btn button cs-btn-underline\" href=\"https:\/\/www.theromanempire.it\/es\/2025\/10\/14\/rione-monti-barrio-autentico-roma-guia\/\"><span>Continua a leggere<\/span><\/a>\n        <\/div>            <\/footer>    <\/div>\n<\/article>\n\n<article class=\"post-4837 post type-post status-publish format-standard has-post-thumbnail hentry category-itinerarios\">\n            <div class=\"featured-img\">\n        \t<a href=\"https:\/\/www.theromanempire.it\/es\/2025\/10\/14\/coliseo-foros-imperiales-itinerario-pie-via-cavour\/\"><img decoding=\"async\" width=\"780\" height=\"520\" src=\"https:\/\/www.theromanempire.it\/wp-content\/uploads\/2025\/10\/Progetto-senza-titolo-780x520.png\" class=\"attachment-cozystay_780x9999 size-cozystay_780x9999 wp-post-image image-layout-grid-column-2\" alt=\"\" srcset=\"https:\/\/www.theromanempire.it\/wp-content\/uploads\/2025\/10\/Progetto-senza-titolo-780x520.png 780w, https:\/\/www.theromanempire.it\/wp-content\/uploads\/2025\/10\/Progetto-senza-titolo-300x200.png 300w, https:\/\/www.theromanempire.it\/wp-content\/uploads\/2025\/10\/Progetto-senza-titolo-1024x683.png 1024w, https:\/\/www.theromanempire.it\/wp-content\/uploads\/2025\/10\/Progetto-senza-titolo-768x512.png 768w, https:\/\/www.theromanempire.it\/wp-content\/uploads\/2025\/10\/Progetto-senza-titolo-1536x1024.png 1536w, https:\/\/www.theromanempire.it\/wp-content\/uploads\/2025\/10\/Progetto-senza-titolo-1440x960.png 1440w, https:\/\/www.theromanempire.it\/wp-content\/uploads\/2025\/10\/Progetto-senza-titolo-1200x800.png 1200w, https:\/\/www.theromanempire.it\/wp-content\/uploads\/2025\/10\/Progetto-senza-titolo-600x400.png 600w, https:\/\/www.theromanempire.it\/wp-content\/uploads\/2025\/10\/Progetto-senza-titolo-550x367.png 550w, https:\/\/www.theromanempire.it\/wp-content\/uploads\/2025\/10\/Progetto-senza-titolo-370x247.png 370w, https:\/\/www.theromanempire.it\/wp-content\/uploads\/2025\/10\/Progetto-senza-titolo-255x170.png 255w, https:\/\/www.theromanempire.it\/wp-content\/uploads\/2025\/10\/Progetto-senza-titolo.png 1920w\" sizes=\"(max-width: 780px) 100vw, 780px\" \/><\/a>        <\/div>\n    <div class=\"post-content\">\n        <header class=\"post-header\">            <div class=\"meta-wrap\">\t\t\t<div class=\"cat-links\"><a href=\"https:\/\/www.theromanempire.it\/es\/category\/itinerarios\/\" rel=\"tag\">Itinerarios<\/a><\/div>            <\/div>    <h2 class=\"post-title\">\n        <a href=\"https:\/\/www.theromanempire.it\/es\/2025\/10\/14\/coliseo-foros-imperiales-itinerario-pie-via-cavour\/\">Del Coliseo a los Foros Imperiales: tu gu\u00eda a pie desde Via Cavour<\/a>\n    <\/h2>        <\/header>\t\t<div class=\"post-excerpt\"><p>Imaginar poder salir de tu alojamiento y encontrarte en pocos minutos frente a los monumentos m\u00e1s ic\u00f3nicos de la antig\u00fcedad puede parecer un sue\u00f1o. Sin &#8230;<\/p>\n<\/div>             <footer class=\"post-footer\">        <div class=\"more-btn\">\n            <a class=\"read-more-btn button cs-btn-underline\" href=\"https:\/\/www.theromanempire.it\/es\/2025\/10\/14\/coliseo-foros-imperiales-itinerario-pie-via-cavour\/\"><span>Continua a leggere<\/span><\/a>\n        <\/div>            <\/footer>    <\/div>\n<\/article>\n\n<article class=\"post-4823 post type-post status-publish format-standard has-post-thumbnail hentry category-itinerarios\">\n            <div class=\"featured-img\">\n        \t<a href=\"https:\/\/www.theromanempire.it\/es\/2025\/10\/14\/metro-cavour-roma-conexiones-monumentos-guia\/\"><img loading=\"lazy\" decoding=\"async\" width=\"780\" height=\"520\" src=\"https:\/\/www.theromanempire.it\/wp-content\/uploads\/2025\/10\/Progetto-senza-titolo-780x520.jpg\" class=\"attachment-cozystay_780x9999 size-cozystay_780x9999 wp-post-image image-layout-grid-column-2\" alt=\"\" srcset=\"https:\/\/www.theromanempire.it\/wp-content\/uploads\/2025\/10\/Progetto-senza-titolo-780x520.jpg 780w, https:\/\/www.theromanempire.it\/wp-content\/uploads\/2025\/10\/Progetto-senza-titolo-300x200.jpg 300w, https:\/\/www.theromanempire.it\/wp-content\/uploads\/2025\/10\/Progetto-senza-titolo-1024x683.jpg 1024w, https:\/\/www.theromanempire.it\/wp-content\/uploads\/2025\/10\/Progetto-senza-titolo-768x512.jpg 768w, https:\/\/www.theromanempire.it\/wp-content\/uploads\/2025\/10\/Progetto-senza-titolo-1536x1024.jpg 1536w, https:\/\/www.theromanempire.it\/wp-content\/uploads\/2025\/10\/Progetto-senza-titolo-1440x960.jpg 1440w, https:\/\/www.theromanempire.it\/wp-content\/uploads\/2025\/10\/Progetto-senza-titolo-1200x800.jpg 1200w, https:\/\/www.theromanempire.it\/wp-content\/uploads\/2025\/10\/Progetto-senza-titolo-600x400.jpg 600w, https:\/\/www.theromanempire.it\/wp-content\/uploads\/2025\/10\/Progetto-senza-titolo-550x367.jpg 550w, https:\/\/www.theromanempire.it\/wp-content\/uploads\/2025\/10\/Progetto-senza-titolo-370x247.jpg 370w, https:\/\/www.theromanempire.it\/wp-content\/uploads\/2025\/10\/Progetto-senza-titolo-255x170.jpg 255w, https:\/\/www.theromanempire.it\/wp-content\/uploads\/2025\/10\/Progetto-senza-titolo.jpg 1920w\" sizes=\"(max-width: 780px) 100vw, 780px\" \/><\/a>        <\/div>\n    <div class=\"post-content\">\n        <header class=\"post-header\">            <div class=\"meta-wrap\">\t\t\t<div class=\"cat-links\"><a href=\"https:\/\/www.theromanempire.it\/es\/category\/itinerarios\/\" rel=\"tag\">Itinerarios<\/a><\/div>            <\/div>    <h2 class=\"post-title\">\n        <a href=\"https:\/\/www.theromanempire.it\/es\/2025\/10\/14\/metro-cavour-roma-conexiones-monumentos-guia\/\">C\u00f3mo llegar a los principales monumentos de Roma desde el metro Cavour<\/a>\n    <\/h2>        <\/header>\t\t<div class=\"post-excerpt\"><p>La estaci\u00f3n de metro Cavour representa uno de los puntos neur\u00e1lgicos m\u00e1s estrat\u00e9gicos para explorar Roma. Situada en la l\u00ednea B del metropolitano romano, esta &#8230;<\/p>\n<\/div>             <footer class=\"post-footer\">        <div class=\"more-btn\">\n            <a class=\"read-more-btn button cs-btn-underline\" href=\"https:\/\/www.theromanempire.it\/es\/2025\/10\/14\/metro-cavour-roma-conexiones-monumentos-guia\/\"><span>Continua a leggere<\/span><\/a>\n        <\/div>            <\/footer>    <\/div>\n<\/article>\n\t\t\t\t<\/div>\t\t<nav class=\"navigation pagination\">\n\t\t\t<div class=\"pagination-container load-more\">\n\t\t\t\t<h2 class=\"screen-reader-text\">Posts Navigation<\/h2>\n\t\t\t\t<a href=\"#\" data-no-post-text=\"No More Posts\" class=\"load-more-btn ajax manual\">\n\t\t\t\t\t<span class=\"btn-text\">Load More Posts<\/span>\n\t\t\t\t\t<span class=\"loading-text\">Loading...<\/span>\n\t\t\t\t<\/a>\n\t\t\t<\/div>\n\t\t<\/nav>\t\t\t\t<\/div>\t\t\t\t<\/div>\n\t\t\t\t<\/div>\n\t\t\t\t\t<\/div>\n\t\t<\/div>\n\t\t\t\t\t<\/div>\n\t\t<\/section>\n\t\t\t\t<\/div>\n\t\t","protected":false},"excerpt":{"rendered":"<p>Descubre Roma Ofrecemos itinerarios y rutas a medida para descubrir la extraordinaria belleza de un lugar donde pasado y presente se funden para crear matices apasionantes. Itinerari I Fori Imperiali: dove gli imperatori camminavano A pochi passi dalla nostra guest house si estende un&#8217;area archeologica di inestimabile valore: i Fori Imperiali. Questo complesso monumentale rappresentava &#8230;<\/p>\n","protected":false},"author":1,"featured_media":0,"parent":0,"menu_order":0,"comment_status":"closed","ping_status":"closed","template":"template-wide-content.php","meta":{"cozystay_single_page_hide_site_header":"","cozystay_single_page_site_header_source":"","cozystay_single_page_custom_site_header":"0","cozystay_single_page_custom_sticky_site_header":"0","cozystay_single_page_hide_page_title":"on","cozystay_single_page_header_section_size":"","cozystay_single_page_header_background_color":"","cozystay_single_page_header_background_position_x":"center","cozystay_single_page_header_background_position_y":"center","cozystay_single_page_header_background_size":"cover","cozystay_single_page_header_background_repeat":"off","cozystay_single_page_header_background_scroll":"on","cozystay_single_page_header_text_color":"","cozystay_single_page_header_show_breadcrumb":"","cozystay_single_page_site_footer_hide_main":"","cozystay_single_custom_site_footer_main_source":"","cozystay_single_custom_site_footer_main":"0","cozystay_single_page_site_footer_hide_above":"","cozystay_single_custom_site_footer_above_source":"","cozystay_single_custom_site_footer_above":"0","cozystay_single_page_site_footer_hide_instagram":"","cozystay_single_page_site_footer_hide_bottom":"","cozystay_single_custom_mobile_menu_source":"","cozystay_single_custom_mobile_menu":"0","cozystay_single_custom_mobile_menu_animation":"","cozystay_single_custom_mobile_menu_width":"","cozystay_single_custom_mobile_menu_custom_width":375,"footnotes":""},"class_list":["post-4231","page","type-page","status-publish","hentry"],"_links":{"self":[{"href":"https:\/\/www.theromanempire.it\/es\/wp-json\/wp\/v2\/pages\/4231","targetHints":{"allow":["GET"]}}],"collection":[{"href":"https:\/\/www.theromanempire.it\/es\/wp-json\/wp\/v2\/pages"}],"about":[{"href":"https:\/\/www.theromanempire.it\/es\/wp-json\/wp\/v2\/types\/page"}],"author":[{"embeddable":true,"href":"https:\/\/www.theromanempire.it\/es\/wp-json\/wp\/v2\/users\/1"}],"replies":[{"embeddable":true,"href":"https:\/\/www.theromanempire.it\/es\/wp-json\/wp\/v2\/comments?post=4231"}],"version-history":[{"count":2,"href":"https:\/\/www.theromanempire.it\/es\/wp-json\/wp\/v2\/pages\/4231\/revisions"}],"predecessor-version":[{"id":4425,"href":"https:\/\/www.theromanempire.it\/es\/wp-json\/wp\/v2\/pages\/4231\/revisions\/4425"}],"wp:attachment":[{"href":"https:\/\/www.theromanempire.it\/es\/wp-json\/wp\/v2\/media?parent=4231"}],"curies":[{"name":"wp","href":"https:\/\/api.w.org\/{rel}","templated":true}]}}