{"id":4250,"date":"2024-09-16T07:34:08","date_gmt":"2024-09-16T07:34:08","guid":{"rendered":"https:\/\/www.theromanempire.it\/habitaciones\/"},"modified":"2024-11-26T14:32:29","modified_gmt":"2024-11-26T14:32:29","slug":"habitaciones","status":"publish","type":"page","link":"https:\/\/www.theromanempire.it\/es\/habitaciones\/","title":{"rendered":"Habitaciones"},"content":{"rendered":"\t\t<div data-elementor-type=\"wp-page\" data-elementor-id=\"4250\" class=\"elementor elementor-4250 elementor-2291\" data-elementor-post-type=\"page\">\n\t\t\t\t\t\t<section class=\"elementor-section elementor-top-section elementor-element elementor-element-8ecbd63 elementor-section-height-min-height cs-section-content-fullwidth cs-parallax-on-scroll cs_scroll_y_100 elementor-section-boxed elementor-section-height-default elementor-section-items-middle\" data-id=\"8ecbd63\" data-element_type=\"section\" data-settings=\"{&quot;background_background&quot;:&quot;classic&quot;}\" data-cs-parallax-y=\"100\" style=\"background-image: none;\" data-cs-background-image=\"https:\/\/www.theromanempire.it\/wp-content\/uploads\/2024\/09\/camere-roma.webp\">\n\t\t\t\t\t\t\t<div class=\"elementor-background-overlay\"><\/div>\n\t\t\t\t\t\t\t<div class=\"elementor-container elementor-column-gap-no\">\n\t\t\t\t\t<div class=\"elementor-column elementor-col-100 elementor-top-column elementor-element elementor-element-47b0f3b dark-color\" data-id=\"47b0f3b\" data-element_type=\"column\">\n\t\t\t<div class=\"elementor-widget-wrap elementor-element-populated\">\n\t\t\t\t\t\t<div class=\"elementor-element elementor-element-31c3948 elementor-widget elementor-widget-cs_title\" data-id=\"31c3948\" data-element_type=\"widget\" data-widget_type=\"cs_title.default\">\n\t\t\t\t<div class=\"elementor-widget-container\">\n\t\t\t\t\t\n        <div class=\"cs-title-wrap text-center\">\t            <h1 class=\"cs-title\">\n\t                Habitaciones\t            <\/h1>\t            <div class=\"cs-title-text\">\n\t                <p>Te acoger\u00e1n como un abrazo, ofreci\u00e9ndote un remanso de paz en el coraz\u00f3n de la ciudad eterna<\/p>\n\t            <\/div>        <\/div>\t\t\t\t<\/div>\n\t\t\t\t<\/div>\n\t\t\t\t\t<\/div>\n\t\t<\/div>\n\t\t\t\t\t<\/div>\n\t\t<\/section>\n\t\t\t\t<section class=\"elementor-section elementor-top-section elementor-element elementor-element-ed2fcc0 elementor-section-stretched elementor-section-boxed elementor-section-height-default elementor-section-height-default\" data-id=\"ed2fcc0\" data-element_type=\"section\" data-settings=\"{&quot;stretch_section&quot;:&quot;section-stretched&quot;,&quot;background_background&quot;:&quot;classic&quot;}\">\n\t\t\t\t\t\t<div class=\"elementor-container elementor-column-gap-no\">\n\t\t\t\t\t<div class=\"elementor-column elementor-col-100 elementor-top-column elementor-element elementor-element-28bcbe9\" data-id=\"28bcbe9\" data-element_type=\"column\">\n\t\t\t<div class=\"elementor-widget-wrap elementor-element-populated\">\n\t\t\t\t\t\t<div class=\"elementor-element elementor-element-31ef03a elementor-widget elementor-widget-cs_title\" data-id=\"31ef03a\" data-element_type=\"widget\" data-widget_type=\"cs_title.default\">\n\t\t\t\t<div class=\"elementor-widget-container\">\n\t\t\t\t\t\n        <div class=\"cs-title-wrap text-center\">\t            <div class=\"cs-subtitle-wrap\"><span class=\"cs-subtitle color-black\">\n<\/span><\/div>\t            <h5 class=\"cs-title\">\n\t                Inundados de una encantadora luz natural, estos oasis de tranquilidad te invitan a bajar el ritmo y sumergirte en una experiencia vacacional extraordinaria.\t            <\/h5>\t            <div class=\"cs-title-text color-black\">\n\t                <p>Los altos techos de las habitaciones amplifican la sensaci\u00f3n de amplitud, mientras que los amplios y lujosos cuartos de ba\u00f1o ofrecen un refugio privado para la relajaci\u00f3n.<br \/>\nCada elemento, desde el refinado mobiliario hasta las delicadas comodidades, ha sido cuidadosamente elegido para elevar tu estancia m\u00e1s all\u00e1 de lo ordinario. <\/p>\n<p class=\"whitespace-pre-wrap break-words\">\n<p>Cuando vivas en ellos, disfrutar\u00e1s de: Armarios con espejos de m\u00e1s de 3 metros de altura, para un amplio espacio de guardarropa Sistema de aire acondicionado independiente para el m\u00e1ximo confort clim\u00e1tico WiFi gratuito de alta velocidad Smart TV Led full HD Caja fuerte para tus objetos de valor Mini nevera para tener siempre a mano refrescos Hervidor de agua y\/o cafetera para los momentos de relax Secador de pelo y set de art\u00edculos de aseo Suaves y frescas s\u00e1banas y toallas<\/p>\n<p class=\"whitespace-pre-wrap break-words\"><strong>Cada detalle ha sido pensado para que tu estancia en Roma sea c\u00f3moda y sin preocupaciones.<\/strong><\/p>\n<p>.<\/p>\n\t            <\/div>        <\/div>\t\t\t\t<\/div>\n\t\t\t\t<\/div>\n\t\t\t\t\t<\/div>\n\t\t<\/div>\n\t\t\t\t\t<\/div>\n\t\t<\/section>\n\t\t\t\t<section class=\"elementor-section elementor-top-section elementor-element elementor-element-4949e6f cs-section-content-fullwidth elementor-section-boxed elementor-section-height-default elementor-section-height-default\" data-id=\"4949e6f\" data-element_type=\"section\" data-settings=\"{&quot;background_background&quot;:&quot;classic&quot;}\">\n\t\t\t\t\t\t<div class=\"elementor-container elementor-column-gap-no\">\n\t\t\t\t\t<div class=\"elementor-column elementor-col-33 elementor-top-column elementor-element elementor-element-c912928\" data-id=\"c912928\" data-element_type=\"column\">\n\t\t\t<div class=\"elementor-widget-wrap elementor-element-populated\">\n\t\t\t\t\t\t<div class=\"elementor-element elementor-element-e236dac elementor-widget elementor-widget-cs_call_to_action\" data-id=\"e236dac\" data-element_type=\"widget\" data-widget_type=\"cs_call_to_action.default\">\n\t\t\t\t<div class=\"elementor-widget-container\">\n\t\t\t\t\t\n\t\t<div class=\"cs-cta cta-layout-text-normal img-offset-border text-left cta-hover-img-zoom\">\n            <div class=\"cs-cta-wrap\">\t\t                <div class=\"cs-cta-img-wrap\">\n\t\t\t\t\t        <div class=\"cs-cta-img\">\n\t\t\t\t\t            <img fetchpriority=\"high\" decoding=\"async\" width=\"600\" height=\"400\" src=\"https:\/\/www.theromanempire.it\/wp-content\/uploads\/2024\/09\/rea-silvia-armadio-e-quadro2-600x400.jpg\" class=\"attachment-cozystay_600x9999 size-cozystay_600x9999 wp-image-3225\" alt=\"\" srcset=\"https:\/\/www.theromanempire.it\/wp-content\/uploads\/2024\/09\/rea-silvia-armadio-e-quadro2-600x400.jpg 600w, https:\/\/www.theromanempire.it\/wp-content\/uploads\/2024\/09\/rea-silvia-armadio-e-quadro2-300x200.jpg 300w, https:\/\/www.theromanempire.it\/wp-content\/uploads\/2024\/09\/rea-silvia-armadio-e-quadro2-550x367.jpg 550w, https:\/\/www.theromanempire.it\/wp-content\/uploads\/2024\/09\/rea-silvia-armadio-e-quadro2-370x247.jpg 370w, https:\/\/www.theromanempire.it\/wp-content\/uploads\/2024\/09\/rea-silvia-armadio-e-quadro2-255x170.jpg 255w, https:\/\/www.theromanempire.it\/wp-content\/uploads\/2024\/09\/rea-silvia-armadio-e-quadro2-150x100.jpg 150w, https:\/\/www.theromanempire.it\/wp-content\/uploads\/2024\/09\/rea-silvia-armadio-e-quadro2.jpg 720w\" sizes=\"(max-width: 600px) 100vw, 600px\" \/>\t\t\t\t\t        <\/div>\n\t\t\t\t\t        <div class=\"cs-offset-border\"><\/div>\n\t\t\t\t\t\t<\/div>                <div class=\"cs-cta-overlay\"><\/div>\n                <div class=\"cs-cta-content\">\t\t            <h6 class=\"cs-cta-title cs-title\">\n\t\t                Habitaciones est\u00e1ndar\t\t            <\/h6>\t\t\t<\/div>                <a class=\"cs-cta-link\" href=\"\/es\/habitaciones-estandar\/\"><\/a>            <\/div>\n        <\/div>\t\t\t\t<\/div>\n\t\t\t\t<\/div>\n\t\t\t\t<div class=\"elementor-element elementor-element-b3d5eb3 elementor-icon-list--layout-inline elementor-list-item-link-full_width elementor-widget elementor-widget-icon-list\" data-id=\"b3d5eb3\" data-element_type=\"widget\" data-widget_type=\"icon-list.default\">\n\t\t\t\t<div class=\"elementor-widget-container\">\n\t\t\t\t\t\t\t<ul class=\"elementor-icon-list-items elementor-inline-items\">\n\t\t\t\t\t\t\t<li class=\"elementor-icon-list-item elementor-inline-item\">\n\t\t\t\t\t\t\t\t\t\t\t<span class=\"elementor-icon-list-icon\">\n\t\t\t\t\t\t\t<i aria-hidden=\"true\" class=\"flaticon flaticon-area\"><\/i>\t\t\t\t\t\t<\/span>\n\t\t\t\t\t\t\t\t\t\t<span class=\"elementor-icon-list-text\">25 m2<\/span>\n\t\t\t\t\t\t\t\t\t<\/li>\n\t\t\t\t\t\t\t\t<li class=\"elementor-icon-list-item elementor-inline-item\">\n\t\t\t\t\t\t\t\t\t\t\t<span class=\"elementor-icon-list-icon\">\n\t\t\t\t\t\t\t<i aria-hidden=\"true\" class=\"flaticon flaticon-users\"><\/i>\t\t\t\t\t\t<\/span>\n\t\t\t\t\t\t\t\t\t\t<span class=\"elementor-icon-list-text\">2 personas<\/span>\n\t\t\t\t\t\t\t\t\t<\/li>\n\t\t\t\t\t\t<\/ul>\n\t\t\t\t\t\t<\/div>\n\t\t\t\t<\/div>\n\t\t\t\t<div class=\"elementor-element elementor-element-4728b62 elementor-widget elementor-widget-text-editor\" data-id=\"4728b62\" data-element_type=\"widget\" data-widget_type=\"text-editor.default\">\n\t\t\t\t<div class=\"elementor-widget-container\">\n\t\t\t\t\t\t\t\t\t<p>Comodidad esencial para dos personas.<br \/>\nCama doble y cuarto de ba\u00f1o compacto.<br \/>\nIdeal para parejas o viajeros individuales que buscan funcionalidad y comodidad.  <\/p>\n\t\t\t\t\t\t\t\t<\/div>\n\t\t\t\t<\/div>\n\t\t\t\t<div class=\"elementor-element elementor-element-a1e874a elementor-widget__width-auto elementor-align-left elementor-widget elementor-widget-cs_button\" data-id=\"a1e874a\" data-element_type=\"widget\" data-widget_type=\"cs_button.default\">\n\t\t\t\t<div class=\"elementor-widget-container\">\n\t\t\t\t\t        <a href=\"\/es\/habitaciones-estandar\/\" class=\"elementor-button-link button cs-btn-small\" role=\"button\">\n            <span class=\"cs-btn-text\">Descubre la habitaci\u00f3n<\/span>        <\/a>\t\t\t\t<\/div>\n\t\t\t\t<\/div>\n\t\t\t\t\t<\/div>\n\t\t<\/div>\n\t\t\t\t<div class=\"elementor-column elementor-col-33 elementor-top-column elementor-element elementor-element-d625706\" data-id=\"d625706\" data-element_type=\"column\">\n\t\t\t<div class=\"elementor-widget-wrap elementor-element-populated\">\n\t\t\t\t\t\t<div class=\"elementor-element elementor-element-d8fd055 elementor-widget elementor-widget-cs_call_to_action\" data-id=\"d8fd055\" data-element_type=\"widget\" data-widget_type=\"cs_call_to_action.default\">\n\t\t\t\t<div class=\"elementor-widget-container\">\n\t\t\t\t\t\n\t\t<div class=\"cs-cta cta-layout-text-normal img-offset-border text-left cta-hover-img-zoom\">\n            <div class=\"cs-cta-wrap\">\t\t                <div class=\"cs-cta-img-wrap\">\n\t\t\t\t\t        <div class=\"cs-cta-img\">\n\t\t\t\t\t            <img decoding=\"async\" width=\"600\" height=\"400\" src=\"https:\/\/www.theromanempire.it\/wp-content\/uploads\/2024\/09\/camerasuperior-600x400.jpg\" class=\"attachment-cozystay_600x9999 size-cozystay_600x9999 wp-image-3119\" alt=\"\" srcset=\"https:\/\/www.theromanempire.it\/wp-content\/uploads\/2024\/09\/camerasuperior-600x400.jpg 600w, https:\/\/www.theromanempire.it\/wp-content\/uploads\/2024\/09\/camerasuperior-300x200.jpg 300w, https:\/\/www.theromanempire.it\/wp-content\/uploads\/2024\/09\/camerasuperior-550x367.jpg 550w, https:\/\/www.theromanempire.it\/wp-content\/uploads\/2024\/09\/camerasuperior-370x247.jpg 370w, https:\/\/www.theromanempire.it\/wp-content\/uploads\/2024\/09\/camerasuperior-255x170.jpg 255w, https:\/\/www.theromanempire.it\/wp-content\/uploads\/2024\/09\/camerasuperior-150x100.jpg 150w, https:\/\/www.theromanempire.it\/wp-content\/uploads\/2024\/09\/camerasuperior.jpg 720w\" sizes=\"(max-width: 600px) 100vw, 600px\" \/>\t\t\t\t\t        <\/div>\n\t\t\t\t\t        <div class=\"cs-offset-border\"><\/div>\n\t\t\t\t\t\t<\/div>                <div class=\"cs-cta-overlay\"><\/div>\n                <div class=\"cs-cta-content\">\t\t            <h6 class=\"cs-cta-title cs-title\">\n\t\t                Habitaci\u00f3n Superior\t\t            <\/h6>\t\t\t<\/div>                <a class=\"cs-cta-link\" href=\"\/es\/habitaciones-superiores\/\"><\/a>            <\/div>\n        <\/div>\t\t\t\t<\/div>\n\t\t\t\t<\/div>\n\t\t\t\t<div class=\"elementor-element elementor-element-2839b04 elementor-icon-list--layout-inline elementor-list-item-link-full_width elementor-widget elementor-widget-icon-list\" data-id=\"2839b04\" data-element_type=\"widget\" data-widget_type=\"icon-list.default\">\n\t\t\t\t<div class=\"elementor-widget-container\">\n\t\t\t\t\t\t\t<ul class=\"elementor-icon-list-items elementor-inline-items\">\n\t\t\t\t\t\t\t<li class=\"elementor-icon-list-item elementor-inline-item\">\n\t\t\t\t\t\t\t\t\t\t\t<span class=\"elementor-icon-list-icon\">\n\t\t\t\t\t\t\t<i aria-hidden=\"true\" class=\"flaticon flaticon-area\"><\/i>\t\t\t\t\t\t<\/span>\n\t\t\t\t\t\t\t\t\t\t<span class=\"elementor-icon-list-text\">35 m2<\/span>\n\t\t\t\t\t\t\t\t\t<\/li>\n\t\t\t\t\t\t\t\t<li class=\"elementor-icon-list-item elementor-inline-item\">\n\t\t\t\t\t\t\t\t\t\t\t<span class=\"elementor-icon-list-icon\">\n\t\t\t\t\t\t\t<i aria-hidden=\"true\" class=\"flaticon flaticon-users\"><\/i>\t\t\t\t\t\t<\/span>\n\t\t\t\t\t\t\t\t\t\t<span class=\"elementor-icon-list-text\">3 personas<\/span>\n\t\t\t\t\t\t\t\t\t<\/li>\n\t\t\t\t\t\t<\/ul>\n\t\t\t\t\t\t<\/div>\n\t\t\t\t<\/div>\n\t\t\t\t<div class=\"elementor-element elementor-element-07e59de elementor-widget elementor-widget-text-editor\" data-id=\"07e59de\" data-element_type=\"widget\" data-widget_type=\"text-editor.default\">\n\t\t\t\t<div class=\"elementor-widget-container\">\n\t\t\t\t\t\t\t\t\t<p>Espacio vers\u00e1til para tres hu\u00e9spedes.<br \/>\nConfigurable con una cama doble y una individual o tres camas individuales.<br \/>\nPerfecto para familias o peque\u00f1os grupos de amigos.  <\/p>\n\t\t\t\t\t\t\t\t<\/div>\n\t\t\t\t<\/div>\n\t\t\t\t<div class=\"elementor-element elementor-element-0555c85 elementor-widget__width-auto elementor-align-left elementor-widget elementor-widget-cs_button\" data-id=\"0555c85\" data-element_type=\"widget\" data-widget_type=\"cs_button.default\">\n\t\t\t\t<div class=\"elementor-widget-container\">\n\t\t\t\t\t        <a href=\"\/es\/habitaciones-superiores\/\" class=\"elementor-button-link button cs-btn-small\" role=\"button\">\n            <span class=\"cs-btn-text\">Descubre la habitaci\u00f3n<\/span>        <\/a>\t\t\t\t<\/div>\n\t\t\t\t<\/div>\n\t\t\t\t\t<\/div>\n\t\t<\/div>\n\t\t\t\t<div class=\"elementor-column elementor-col-33 elementor-top-column elementor-element elementor-element-f54137e\" data-id=\"f54137e\" data-element_type=\"column\">\n\t\t\t<div class=\"elementor-widget-wrap elementor-element-populated\">\n\t\t\t\t\t\t<div class=\"elementor-element elementor-element-7e13d31 elementor-widget elementor-widget-cs_call_to_action\" data-id=\"7e13d31\" data-element_type=\"widget\" data-widget_type=\"cs_call_to_action.default\">\n\t\t\t\t<div class=\"elementor-widget-container\">\n\t\t\t\t\t\n\t\t<div class=\"cs-cta cta-layout-text-normal img-offset-border text-left cta-hover-img-zoom\">\n            <div class=\"cs-cta-wrap\">\t\t                <div class=\"cs-cta-img-wrap\">\n\t\t\t\t\t        <div class=\"cs-cta-img\">\n\t\t\t\t\t            <img decoding=\"async\" width=\"600\" height=\"400\" src=\"https:\/\/www.theromanempire.it\/wp-content\/uploads\/2024\/09\/camera-deluxe-roma-600x400.jpg\" class=\"attachment-cozystay_600x9999 size-cozystay_600x9999 wp-image-3120\" alt=\"\" srcset=\"https:\/\/www.theromanempire.it\/wp-content\/uploads\/2024\/09\/camera-deluxe-roma-600x400.jpg 600w, https:\/\/www.theromanempire.it\/wp-content\/uploads\/2024\/09\/camera-deluxe-roma-300x200.jpg 300w, https:\/\/www.theromanempire.it\/wp-content\/uploads\/2024\/09\/camera-deluxe-roma-550x367.jpg 550w, https:\/\/www.theromanempire.it\/wp-content\/uploads\/2024\/09\/camera-deluxe-roma-370x247.jpg 370w, https:\/\/www.theromanempire.it\/wp-content\/uploads\/2024\/09\/camera-deluxe-roma-255x170.jpg 255w, https:\/\/www.theromanempire.it\/wp-content\/uploads\/2024\/09\/camera-deluxe-roma-150x100.jpg 150w, https:\/\/www.theromanempire.it\/wp-content\/uploads\/2024\/09\/camera-deluxe-roma.jpg 720w\" sizes=\"(max-width: 600px) 100vw, 600px\" \/>\t\t\t\t\t        <\/div>\n\t\t\t\t\t        <div class=\"cs-offset-border\"><\/div>\n\t\t\t\t\t\t<\/div>                <div class=\"cs-cta-overlay\"><\/div>\n                <div class=\"cs-cta-content\">\t\t            <h6 class=\"cs-cta-title cs-title\">\n\t\t                Habitaciones Deluxe\t\t            <\/h6>\t\t\t<\/div>                <a class=\"cs-cta-link\" href=\"\/es\/habitacion-de-luxe\/\"><\/a>            <\/div>\n        <\/div>\t\t\t\t<\/div>\n\t\t\t\t<\/div>\n\t\t\t\t<div class=\"elementor-element elementor-element-71193df elementor-icon-list--layout-inline elementor-list-item-link-full_width elementor-widget elementor-widget-icon-list\" data-id=\"71193df\" data-element_type=\"widget\" data-widget_type=\"icon-list.default\">\n\t\t\t\t<div class=\"elementor-widget-container\">\n\t\t\t\t\t\t\t<ul class=\"elementor-icon-list-items elementor-inline-items\">\n\t\t\t\t\t\t\t<li class=\"elementor-icon-list-item elementor-inline-item\">\n\t\t\t\t\t\t\t\t\t\t\t<span class=\"elementor-icon-list-icon\">\n\t\t\t\t\t\t\t<i aria-hidden=\"true\" class=\"flaticon flaticon-area\"><\/i>\t\t\t\t\t\t<\/span>\n\t\t\t\t\t\t\t\t\t\t<span class=\"elementor-icon-list-text\">40 m2<\/span>\n\t\t\t\t\t\t\t\t\t<\/li>\n\t\t\t\t\t\t\t\t<li class=\"elementor-icon-list-item elementor-inline-item\">\n\t\t\t\t\t\t\t\t\t\t\t<span class=\"elementor-icon-list-icon\">\n\t\t\t\t\t\t\t<i aria-hidden=\"true\" class=\"flaticon flaticon-users\"><\/i>\t\t\t\t\t\t<\/span>\n\t\t\t\t\t\t\t\t\t\t<span class=\"elementor-icon-list-text\">2 adultos + 2 ni\u00f1os o 3 adultos<\/span>\n\t\t\t\t\t\t\t\t\t<\/li>\n\t\t\t\t\t\t<\/ul>\n\t\t\t\t\t\t<\/div>\n\t\t\t\t<\/div>\n\t\t\t\t<div class=\"elementor-element elementor-element-4ddb5a8 elementor-widget elementor-widget-text-editor\" data-id=\"4ddb5a8\" data-element_type=\"widget\" data-widget_type=\"text-editor.default\">\n\t\t\t\t<div class=\"elementor-widget-container\">\n\t\t\t\t\t\t\t\t\t<p>Lujoso y espacioso, adecuado para hasta cuatro hu\u00e9spedes.<br \/>\nIdeal para familias con ni\u00f1os o grupos de adultos.<br \/>\nM\u00e1ximo confort para una estancia inolvidable.  <\/p>\n\t\t\t\t\t\t\t\t<\/div>\n\t\t\t\t<\/div>\n\t\t\t\t<div class=\"elementor-element elementor-element-9a0ebc2 elementor-widget__width-auto elementor-align-left elementor-widget elementor-widget-cs_button\" data-id=\"9a0ebc2\" data-element_type=\"widget\" data-widget_type=\"cs_button.default\">\n\t\t\t\t<div class=\"elementor-widget-container\">\n\t\t\t\t\t        <a href=\"\/es\/habitacion-de-luxe\/\" class=\"elementor-button-link button cs-btn-small\" role=\"button\">\n            <span class=\"cs-btn-text\">Descubre la habitaci\u00f3n<\/span>        <\/a>\t\t\t\t<\/div>\n\t\t\t\t<\/div>\n\t\t\t\t\t<\/div>\n\t\t<\/div>\n\t\t\t\t\t<\/div>\n\t\t<\/section>\n\t\t\t\t<\/div>\n\t\t","protected":false},"excerpt":{"rendered":"<p>Habitaciones Te acoger\u00e1n como un abrazo, ofreci\u00e9ndote un remanso de paz en el coraz\u00f3n de la ciudad eterna Inundados de una encantadora luz natural, estos oasis de tranquilidad te invitan a bajar el ritmo y sumergirte en una experiencia vacacional extraordinaria. Los altos techos de las habitaciones amplifican la sensaci\u00f3n de amplitud, mientras que los &#8230;<\/p>\n","protected":false},"author":1,"featured_media":0,"parent":0,"menu_order":0,"comment_status":"closed","ping_status":"closed","template":"template-wide-content.php","meta":{"cozystay_single_page_hide_site_header":"","cozystay_single_page_site_header_source":"","cozystay_single_page_custom_site_header":"0","cozystay_single_page_custom_sticky_site_header":"0","cozystay_single_page_hide_page_title":"on","cozystay_single_page_header_section_size":"","cozystay_single_page_header_background_color":"","cozystay_single_page_header_background_position_x":"center","cozystay_single_page_header_background_position_y":"center","cozystay_single_page_header_background_size":"cover","cozystay_single_page_header_background_repeat":"off","cozystay_single_page_header_background_scroll":"on","cozystay_single_page_header_text_color":"","cozystay_single_page_header_show_breadcrumb":"","cozystay_single_page_site_footer_hide_main":"","cozystay_single_custom_site_footer_main_source":"","cozystay_single_custom_site_footer_main":"0","cozystay_single_page_site_footer_hide_above":"","cozystay_single_custom_site_footer_above_source":"","cozystay_single_custom_site_footer_above":"0","cozystay_single_page_site_footer_hide_instagram":"","cozystay_single_page_site_footer_hide_bottom":"","cozystay_single_custom_mobile_menu_source":"","cozystay_single_custom_mobile_menu":"0","cozystay_single_custom_mobile_menu_animation":"","cozystay_single_custom_mobile_menu_width":"","cozystay_single_custom_mobile_menu_custom_width":375,"footnotes":""},"class_list":["post-4250","page","type-page","status-publish","hentry"],"_links":{"self":[{"href":"https:\/\/www.theromanempire.it\/es\/wp-json\/wp\/v2\/pages\/4250","targetHints":{"allow":["GET"]}}],"collection":[{"href":"https:\/\/www.theromanempire.it\/es\/wp-json\/wp\/v2\/pages"}],"about":[{"href":"https:\/\/www.theromanempire.it\/es\/wp-json\/wp\/v2\/types\/page"}],"author":[{"embeddable":true,"href":"https:\/\/www.theromanempire.it\/es\/wp-json\/wp\/v2\/users\/1"}],"replies":[{"embeddable":true,"href":"https:\/\/www.theromanempire.it\/es\/wp-json\/wp\/v2\/comments?post=4250"}],"version-history":[{"count":5,"href":"https:\/\/www.theromanempire.it\/es\/wp-json\/wp\/v2\/pages\/4250\/revisions"}],"predecessor-version":[{"id":4495,"href":"https:\/\/www.theromanempire.it\/es\/wp-json\/wp\/v2\/pages\/4250\/revisions\/4495"}],"wp:attachment":[{"href":"https:\/\/www.theromanempire.it\/es\/wp-json\/wp\/v2\/media?parent=4250"}],"curies":[{"name":"wp","href":"https:\/\/api.w.org\/{rel}","templated":true}]}}